{"id":1287,"date":"2024-04-16T21:26:01","date_gmt":"2024-04-16T19:26:01","guid":{"rendered":"https:\/\/oldwp.disrupt-now.org\/?page_id=1287"},"modified":"2024-05-08T13:36:21","modified_gmt":"2024-05-08T11:36:21","slug":"camp","status":"publish","type":"page","link":"https:\/\/oldwp.disrupt-now.org\/en\/disrupt-tesla\/camp\/","title":{"rendered":"Important informations &amp; camp"},"content":{"rendered":"<figure class=\"wp-block-image aligncenter size-full is-resized\"><img loading=\"lazy\" decoding=\"async\" width=\"1080\" height=\"1080\" src=\"https:\/\/oldwp.disrupt-now.org\/wp-content\/uploads\/2024\/04\/campi4.cleaned-edited.png\" alt=\"\" class=\"wp-image-1478\" style=\"width:400px\" srcset=\"https:\/\/oldwp.disrupt-now.org\/wp-content\/uploads\/2024\/04\/campi4.cleaned-edited.png 1080w, https:\/\/oldwp.disrupt-now.org\/wp-content\/uploads\/2024\/04\/campi4.cleaned-edited-300x300.png 300w, https:\/\/oldwp.disrupt-now.org\/wp-content\/uploads\/2024\/04\/campi4.cleaned-edited-150x150.png 150w, https:\/\/oldwp.disrupt-now.org\/wp-content\/uploads\/2024\/04\/campi4.cleaned-edited-768x768.png 768w, https:\/\/oldwp.disrupt-now.org\/wp-content\/uploads\/2024\/04\/campi4.cleaned-edited-12x12.png 12w\" sizes=\"auto, (max-width: 1080px) 100vw, 1080px\" \/><\/figure>\n\n\n\n<h3 class=\"wp-block-heading has-text-align-left\"><strong>Important informations for the Tesla-actionsdays<\/strong><\/h3>\n\n\n\n<p>No doubt you are already busy preparing for the days of action. <br>A lot has already been prepared for your well-being.<\/p>\n\n\n\n<h4 class=\"wp-block-heading\">\ud83c\udfd5\ufe0f Camp<\/h4>\n\n\n\n<p>Paralel to the action days <a href=\"https:\/\/t-den-hahn-abdrehen.org\/camp\/\">the Water.Forest.Justice.Camp<\/a> will take place. You can camp there, there will be a kitchen for everyone and a proper program. <\/p>\n\n\n\n<p>Please register anonymously for the camp, so we have an overview of how many people are coming.<\/p>\n\n\n\n<p>Registration <a href=\"https:\/\/t-den-hahn-abdrehen.org\/camp_en\/#registration\">https:\/\/t-den-hahn-abdrehen.org\/camp_en\/#registration<\/a><\/p>\n\n\n\n<p>Further information: <a href=\"https:\/\/t-den-hahn-abdrehen.org\/en\/ \">https:\/\/t-den-hahn-abdrehen.org\/en\/<\/a><\/p>\n\n\n\n<p><\/p>\n\n\n\n<h4 class=\"wp-block-heading\">\ud83e\udd14 You need information about what is planned?<\/h4>\n\n\n\n<p class=\" translation-block\">In many cities, information events are currently taking place for the action days. Not with you yet? <a href=\"presse@disrupt-now.org\" target=\"_self\">Write<\/a> to us for the Mobi presentation!<\/p>\n\n\n\n<p>Click here for the call to action: <a href=\"https:\/\/oldwp.disrupt-now.org\/en\/disrupt-tesla\/aufruf\/\">https:\/\/oldwp.disrupt-now.org\/disrupt-tesla\/aufruf\/<\/a><\/p>\n\n\n\n<p>You can find information on how we will oppose Tesla en masse with actions and demonstrations here: <a href=\"https:\/\/oldwp.disrupt-now.org\/en\/disrupt-tesla\/aktion-gegen-tesla\/\">https:\/\/oldwp.disrupt-now.org\/disrupt-tesla\/aktion-gegen-tesla\/<\/a><\/p>\n\n\n\n<p><\/p>\n\n\n\n<h4 class=\"wp-block-heading\">\ud83d\udc49 What you can still do now.<\/h4>\n\n\n\n<p>- the camp will not have enough sleeping capacity. So if possible, use your access to sleeping places in\/near Berlin or the bed exchange. <a href=\"https:\/\/aktionsboerse.org\/\" target=\"_blank\" rel=\"noreferrer noopener\">Registration form for beds<\/a>.<br>- take a look at the <a href=\"https:\/\/t-den-hahn-abdrehen.org\/camp_en\/#campabc\" target=\"_blank\" rel=\"noreferrer noopener\">packing list<\/a>, so that you are well equipped on site. Please come with sturdy shoes over your ankles and above all don't forget MOSQUITO SPRAY!<br>- plan time for your stay to <a href=\"https:\/\/t-den-hahn-abdrehen.org\/camp_en\/#support\" target=\"_blank\" rel=\"noreferrer noopener\">support on the campsite with the care work.<\/a>.<br>- arrive from 5 May to <a href=\"https:\/\/t-den-hahn-abdrehen.org\/camp_en\/#support\" target=\"_blank\" rel=\"noreferrer noopener\">help<\/a> with the set-up if you can.<br>- stay there for a few days after the weekend - whether in the forest or at the camp - to dismantle the camp.<br>&#8211; <a href=\"https:\/\/t-den-hahn-abdrehen.org\/camp_en\/#registration\" target=\"_blank\" rel=\"noreferrer noopener\">sign up for the camp<\/a> and write if you have wishes for the dismantling of barriers.<br>\u2013 do you have specific needs or barriers in action? Contact us by <a href=\"mailto:barrierenabbau-disrupt@systemli.org\" data-type=\"mailto\" data-id=\"mailto:barrierenabbau-disrupt@systemli.org\" target=\"_blank\" rel=\"noreferrer noopener\">mail<\/a> (PGP available) or via the <a href=\"https:\/\/cryptpad.fr\/form\/#\/2\/form\/view\/F4OwTKRTbwjsdDRi-kOavzYuDl7ZU7wiPNdzRO9JqmI\/\" target=\"_blank\" rel=\"noreferrer noopener\">encrypted contact form<\/a>.<br>- bring your coolest banners, flags and signs against Tesla, for water justice and a real transportation transition.<\/p>\n\n\n\n<p>We are looking forward to going into <a href=\"https:\/\/oldwp.disrupt-now.org\/en\/disrupt-tesla\/aktion-gegen-tesla\/\" target=\"_blank\" rel=\"noreferrer noopener\">action<\/a> together with you \u2013 en masse, angry and united against Tesla!<\/p>\n\n\n\n<h4 class=\"wp-block-heading\">\u26a1 Bring your friends &amp; let's get ready!<\/h4>\n\n\n\n<div style=\"height:25px\" aria-hidden=\"true\" class=\"wp-block-spacer\"><\/div>\n\n\n\n<h4 class=\"wp-block-heading\">Further information:<\/h4>\n\n\n\n<h4 class=\"wp-block-heading\">Call<\/h4>\n\n\n\n<ul class=\"wp-block-list\">\n<li><a href=\"https:\/\/oldwp.disrupt-now.org\/en\/disrupt-tesla\/\">https:\/\/oldwp.disrupt-now.org\/disrupt-tesla\/<\/a><\/li>\n\n\n\n<li><a href=\"https:\/\/t-den-hahn-abdrehen.org\/camp_en\/\">https:\/\/t-den-hahn-abdrehen.org\/camp_en\/<\/a><\/li>\n<\/ul>\n\n\n\n<h4 class=\"wp-block-heading\">Registration form<\/h4>\n\n\n\n<p>Please register anonymously and and write if you have wishes for the dismantling of barriers<\/p>\n\n\n\n<ul class=\"wp-block-list\">\n<li><a href=\"https:\/\/t-den-hahn-abdrehen.org\/camp_en\/#registration\">https:\/\/t-den-hahn-abdrehen.org\/camp_en\/#registration<\/a><\/li>\n<\/ul>\n\n\n\n<p>For all those who cannot or do not want to camp at the camp, there is the bed exchange <\/p>\n\n\n\n<ul class=\"wp-block-list\">\n<li><a href=\"https:\/\/aktionsboerse.org\/?language=en_US\">https:\/\/aktionsboerse.org\/?language=en_US<\/a><\/li>\n<\/ul>\n\n\n\n<h4 class=\"wp-block-heading\">Camp ABC<\/h4>\n\n\n\n<ul class=\"wp-block-list\">\n<li><a href=\"https:\/\/t-den-hahn-abdrehen.org\/camp_en\/#campabc\">https:\/\/t-den-hahn-abdrehen.org\/camp_en\/#campabc<\/a><\/li>\n<\/ul>\n\n\n\n<h4 class=\"wp-block-heading\">Protest infos<\/h4>\n\n\n\n<ul class=\"wp-block-list\">\n<li><a href=\"https:\/\/oldwp.disrupt-now.org\/en\/disrupt-tesla\/aktion-gegen-tesla\/\">https:\/\/oldwp.disrupt-now.org\/disrupt-tesla\/aktion-gegen-tesla\/<\/a><\/li>\n\n\n\n<li><a href=\"https:\/\/t-den-hahn-abdrehen.org\/protest\/\">https:\/\/t-den-hahn-abdrehen.org\/protest\/<\/a><\/li>\n\n\n\n<li>The Investigative Committee number for the action days: 030\/86 32 140 61<\/li>\n<\/ul>\n\n\n\n<h4 class=\"wp-block-heading\">Program<\/h4>\n\n\n\n<ul class=\"wp-block-list\">\n<li><a href=\"https:\/\/t-den-hahn-abdrehen.org\/programm-camp\/\">https:\/\/t-den-hahn-abdrehen.org\/programm-camp\/<\/a><\/li>\n<\/ul>\n\n\n\n<h4 class=\"wp-block-heading\">How to get there<\/h4>\n\n\n\n<p>Some joint trips to the camp were organized. More information here:<\/p>\n\n\n\n<ul class=\"wp-block-list\">\n<li><a href=\"https:\/\/oldwp.disrupt-now.org\/en\/gemeinsame-anreise-zum-camp\/\">https:\/\/oldwp.disrupt-now.org\/gemeinsame-anreise-zum-camp<\/a><\/li>\n<\/ul>\n\n\n\n<p>You are also welcome to use these channels to connect for carpooling:<\/p>\n\n\n\n<ul class=\"wp-block-list\">\n<li><a href=\"https:\/\/t.me\/MitfahrenKlima\">https:\/\/t.me\/MitfahrenKlima<\/a><\/li>\n\n\n\n<li><a href=\"https:\/\/t.me\/MitfahrboerseLuetzerath\">https:\/\/t.me\/MitfahrboerseLuetzerath<\/a><\/li>\n<\/ul>\n\n\n\n<p>The address of the camp: An der alten Schule 5, 15537 Gr\u00fcnheide (Mark)<\/p>\n\n\n\n<figure class=\"wp-block-image size-full is-resized\"><img loading=\"lazy\" decoding=\"async\" width=\"669\" height=\"722\" src=\"https:\/\/oldwp.disrupt-now.org\/wp-content\/uploads\/2024\/05\/karte_camp.cleaned.png\" alt=\"\" class=\"wp-image-1747\" style=\"width:350px\" srcset=\"https:\/\/oldwp.disrupt-now.org\/wp-content\/uploads\/2024\/05\/karte_camp.cleaned.png 669w, https:\/\/oldwp.disrupt-now.org\/wp-content\/uploads\/2024\/05\/karte_camp.cleaned-278x300.png 278w, https:\/\/oldwp.disrupt-now.org\/wp-content\/uploads\/2024\/05\/karte_camp.cleaned-11x12.png 11w\" sizes=\"auto, (max-width: 669px) 100vw, 669px\" \/><\/figure>\n\n\n\n<p>Here you can find more information on how to get there:<\/p>\n\n\n\n<ul class=\"wp-block-list\">\n<li><a href=\"https:\/\/t-den-hahn-abdrehen.org\/anreise\/\">https:\/\/t-den-hahn-abdrehen.org\/anreise\/<\/a><\/li>\n<\/ul>\n\n\n\n<h4 class=\"wp-block-heading\">Barriers<\/h4>\n\n\n\n<ul class=\"wp-block-list\">\n<li>At the camp? Feel free to write this in your <a href=\"https:\/\/t-den-hahn-abdrehen.org\/camp_en\/#registration\" target=\"_blank\" rel=\"noreferrer noopener\">camp registration<\/a>:&nbsp; <br><a href=\"https:\/\/t-den-hahn-abdrehen.org\/camp_en\/#registration\">https:\/\/t-den-hahn-abdrehen.org\/camp_en\/#registration<\/a> or by mail to: <a href=\"mailto:barrierenabbau-EG@systemli.org\">barrierenabbau-EG@systemli.org<\/a><\/li>\n\n\n\n<li>For the action? Feel free to write  us in the anonymous form: <a href=\"https:\/\/cryptpad.fr\/form\/#\/2\/form\/view\/F4OwTKRTbwjsdDRi-kOavzYuDl7ZU7wiPNdzRO9JqmI\/\">https:\/\/cryptpad.fr\/form\/#\/2\/form\/view\/F4OwTKRTbwjsdDRi-kOavzYuDl7ZU7wiPNdzRO9JqmI\/<\/a> or by mail to: <a href=\"mailto:barrierenabbau-disrupt@systemli.org\">barrierenabbau-disrupt@systemli.org<\/a> (PGP available)<\/li>\n\n\n\n<li>A pad with many questions and answers can be found here: <a href=\"https:\/\/cryptpad.fr\/pad\/#\/2\/pad\/view\/mCbydD39ZscfNBfoKw87E-pB0s2lpBVsdckjsOFStOo\/\" target=\"_blank\" rel=\"noreferrer noopener\">https:\/\/cryptpad.fr\/pad\/#\/2\/pad\/view\/mCbydD39ZscfNBfoKw87E-pB0s2lpBVsdckjsOFStOo\/<\/a><\/li>\n<\/ul>\n\n\n\n<h4 class=\"wp-block-heading\">Support<\/h4>\n\n\n\n<ul class=\"wp-block-list\">\n<li><a href=\"https:\/\/t-den-hahn-abdrehen.org\/camp_en\/#support\">https:\/\/t-den-hahn-abdrehen.org\/camp_en\/#support<\/a><\/li>\n<\/ul>\n\n\n\n<div style=\"height:35px\" aria-hidden=\"true\" class=\"wp-block-spacer\"><\/div>\n\n\n\n<h3 class=\"wp-block-heading\"><strong>Let\u2019s get ready!\u2069 \u2013 Block Tesla<\/strong><\/h3>\n\n\n\n<figure class=\"wp-block-image size-full is-resized\"><img loading=\"lazy\" decoding=\"async\" width=\"1080\" height=\"1080\" src=\"https:\/\/oldwp.disrupt-now.org\/wp-content\/uploads\/2024\/04\/signal-2024-04-12-164254_002.cleaned.jpeg\" alt=\"\" class=\"wp-image-1369\" style=\"width:500px\" srcset=\"https:\/\/oldwp.disrupt-now.org\/wp-content\/uploads\/2024\/04\/signal-2024-04-12-164254_002.cleaned.jpeg 1080w, https:\/\/oldwp.disrupt-now.org\/wp-content\/uploads\/2024\/04\/signal-2024-04-12-164254_002.cleaned-300x300.jpeg 300w, https:\/\/oldwp.disrupt-now.org\/wp-content\/uploads\/2024\/04\/signal-2024-04-12-164254_002.cleaned-150x150.jpeg 150w, https:\/\/oldwp.disrupt-now.org\/wp-content\/uploads\/2024\/04\/signal-2024-04-12-164254_002.cleaned-768x768.jpeg 768w, https:\/\/oldwp.disrupt-now.org\/wp-content\/uploads\/2024\/04\/signal-2024-04-12-164254_002.cleaned-12x12.jpeg 12w\" sizes=\"auto, (max-width: 1080px) 100vw, 1080px\" \/><\/figure>\n\n\n\n<figure class=\"wp-block-gallery has-nested-images columns-default is-cropped wp-block-gallery-1 is-layout-flex wp-block-gallery-is-layout-flex\">\n<figure class=\"wp-block-image size-large\"><img loading=\"lazy\" decoding=\"async\" width=\"1080\" height=\"1350\" data-id=\"1476\" src=\"https:\/\/oldwp.disrupt-now.org\/wp-content\/uploads\/2024\/04\/camp_slide_2.cleaned.png\" alt=\"\" class=\"wp-image-1476\" srcset=\"https:\/\/oldwp.disrupt-now.org\/wp-content\/uploads\/2024\/04\/camp_slide_2.cleaned.png 1080w, https:\/\/oldwp.disrupt-now.org\/wp-content\/uploads\/2024\/04\/camp_slide_2.cleaned-240x300.png 240w, https:\/\/oldwp.disrupt-now.org\/wp-content\/uploads\/2024\/04\/camp_slide_2.cleaned-768x960.png 768w, https:\/\/oldwp.disrupt-now.org\/wp-content\/uploads\/2024\/04\/camp_slide_2.cleaned-10x12.png 10w\" sizes=\"auto, (max-width: 1080px) 100vw, 1080px\" \/><\/figure>\n\n\n\n<figure class=\"wp-block-image size-large\"><img loading=\"lazy\" decoding=\"async\" width=\"1080\" height=\"1350\" data-id=\"1477\" src=\"https:\/\/oldwp.disrupt-now.org\/wp-content\/uploads\/2024\/04\/camp_slide_3.cleaned.png\" alt=\"\" class=\"wp-image-1477\" srcset=\"https:\/\/oldwp.disrupt-now.org\/wp-content\/uploads\/2024\/04\/camp_slide_3.cleaned.png 1080w, https:\/\/oldwp.disrupt-now.org\/wp-content\/uploads\/2024\/04\/camp_slide_3.cleaned-240x300.png 240w, https:\/\/oldwp.disrupt-now.org\/wp-content\/uploads\/2024\/04\/camp_slide_3.cleaned-768x960.png 768w, https:\/\/oldwp.disrupt-now.org\/wp-content\/uploads\/2024\/04\/camp_slide_3.cleaned-10x12.png 10w\" sizes=\"auto, (max-width: 1080px) 100vw, 1080px\" \/><\/figure>\n<\/figure>","protected":false},"excerpt":{"rendered":"<p>Wichtige Infos zu den Tesla-Aktionstagen Sicherlich bereitet ihr euch schon flei\u00dfig auf die Aktionstage vor. F\u00fcr euer Wohlergehen wurde bereits einiges vorbereitet. \ud83c\udfd5\ufe0f Camp Parallel zu den Aktionstagen wird vom 8.-12.5. das Wasser.Wald.Gerechtigkeit.-Camp stattfinden. Dort k\u00f6nnt ihr zelten, es wird eine K\u00fcche f\u00fcr Alle und ein ordentliches Programm geben. Meldet euch f\u00fcr das Camp bitte [&hellip;]<\/p>","protected":false},"author":2,"featured_media":0,"parent":705,"menu_order":3,"comment_status":"closed","ping_status":"closed","template":"","meta":{"footnotes":""},"class_list":["post-1287","page","type-page","status-publish","hentry"],"_links":{"self":[{"href":"https:\/\/oldwp.disrupt-now.org\/en\/wp-json\/wp\/v2\/pages\/1287","targetHints":{"allow":["GET"]}}],"collection":[{"href":"https:\/\/oldwp.disrupt-now.org\/en\/wp-json\/wp\/v2\/pages"}],"about":[{"href":"https:\/\/oldwp.disrupt-now.org\/en\/wp-json\/wp\/v2\/types\/page"}],"author":[{"embeddable":true,"href":"https:\/\/oldwp.disrupt-now.org\/en\/wp-json\/wp\/v2\/users\/2"}],"replies":[{"embeddable":true,"href":"https:\/\/oldwp.disrupt-now.org\/en\/wp-json\/wp\/v2\/comments?post=1287"}],"version-history":[{"count":58,"href":"https:\/\/oldwp.disrupt-now.org\/en\/wp-json\/wp\/v2\/pages\/1287\/revisions"}],"predecessor-version":[{"id":1776,"href":"https:\/\/oldwp.disrupt-now.org\/en\/wp-json\/wp\/v2\/pages\/1287\/revisions\/1776"}],"up":[{"embeddable":true,"href":"https:\/\/oldwp.disrupt-now.org\/en\/wp-json\/wp\/v2\/pages\/705"}],"wp:attachment":[{"href":"https:\/\/oldwp.disrupt-now.org\/en\/wp-json\/wp\/v2\/media?parent=1287"}],"curies":[{"name":"wp","href":"https:\/\/api.w.org\/{rel}","templated":true}]}}