{"id":1296,"date":"2024-04-16T21:42:05","date_gmt":"2024-04-16T19:42:05","guid":{"rendered":"https:\/\/oldwp.disrupt-now.org\/?page_id=1296"},"modified":"2024-04-19T20:21:06","modified_gmt":"2024-04-19T18:21:06","slug":"infos","status":"publish","type":"page","link":"https:\/\/oldwp.disrupt-now.org\/en\/disrupt-tesla\/infos\/","title":{"rendered":"Why Tesla?"},"content":{"rendered":"<div class=\"wp-block-group has-global-padding is-layout-constrained wp-block-group-is-layout-constrained\">\n<figure class=\"wp-block-image aligncenter size-full is-resized\"><img loading=\"lazy\" decoding=\"async\" width=\"1024\" height=\"1024\" src=\"https:\/\/oldwp.disrupt-now.org\/wp-content\/uploads\/2024\/04\/photo1711369864.cleaned-edited.jpeg\" alt=\"\" class=\"wp-image-1413\" style=\"width:375px\" srcset=\"https:\/\/oldwp.disrupt-now.org\/wp-content\/uploads\/2024\/04\/photo1711369864.cleaned-edited.jpeg 1024w, https:\/\/oldwp.disrupt-now.org\/wp-content\/uploads\/2024\/04\/photo1711369864.cleaned-edited-300x300.jpeg 300w, https:\/\/oldwp.disrupt-now.org\/wp-content\/uploads\/2024\/04\/photo1711369864.cleaned-edited-150x150.jpeg 150w, https:\/\/oldwp.disrupt-now.org\/wp-content\/uploads\/2024\/04\/photo1711369864.cleaned-edited-768x768.jpeg 768w, https:\/\/oldwp.disrupt-now.org\/wp-content\/uploads\/2024\/04\/photo1711369864.cleaned-edited-12x12.jpeg 12w\" sizes=\"auto, (max-width: 1024px) 100vw, 1024px\" \/><\/figure>\n\n\n\n<h3 class=\"wp-block-heading\"><strong>Mobility is a question of justice<\/strong>.<\/h3>\n\n\n\n<p>\u26d4 The fight against car manufacturers like Tesla is one of many against destructive industries that jeopardise our livelihoods.<\/p>\n\n\n\n<p>Tesla's production stands for miserable working conditions, exploitation and resource utilisation. This is not the beginning, but the end of an ecologically just transport transition.<\/p>\n\n\n\n<p>\ud83c\udf33\ud83d\udca7\ud83d\ude8c  We are fighting for collective mobility that is organised in a resource- and climate-friendly way. Every tree that falls for Tesla is one too many. Every litre of water that is polluted is a waste. And every e-SUV on the roads is one bus too few!<\/p>\n<\/div>\n\n\n\n<div style=\"height:20px\" aria-hidden=\"true\" class=\"wp-block-spacer\"><\/div>\n\n\n\n<div class=\"wp-block-group has-global-padding is-layout-constrained wp-block-group-is-layout-constrained\">\n<figure class=\"wp-block-image aligncenter size-full is-resized\"><img loading=\"lazy\" decoding=\"async\" width=\"1024\" height=\"1024\" src=\"https:\/\/oldwp.disrupt-now.org\/wp-content\/uploads\/2024\/04\/photo1711444999.cleaned-edited.jpeg\" alt=\"\" class=\"wp-image-1411\" style=\"width:375px\" srcset=\"https:\/\/oldwp.disrupt-now.org\/wp-content\/uploads\/2024\/04\/photo1711444999.cleaned-edited.jpeg 1024w, https:\/\/oldwp.disrupt-now.org\/wp-content\/uploads\/2024\/04\/photo1711444999.cleaned-edited-300x300.jpeg 300w, https:\/\/oldwp.disrupt-now.org\/wp-content\/uploads\/2024\/04\/photo1711444999.cleaned-edited-150x150.jpeg 150w, https:\/\/oldwp.disrupt-now.org\/wp-content\/uploads\/2024\/04\/photo1711444999.cleaned-edited-768x768.jpeg 768w, https:\/\/oldwp.disrupt-now.org\/wp-content\/uploads\/2024\/04\/photo1711444999.cleaned-edited-12x12.jpeg 12w\" sizes=\"auto, (max-width: 1024px) 100vw, 1024px\" \/><\/figure>\n\n\n\n<h3 class=\"wp-block-heading\"><strong>Water is a question of justice.<\/strong><\/h3>\n\n\n\n<p>\ud83d\udca7Fights against privatisation, exploitation or pollution of water resources and infrastructure have long been waged by social movements around the world.<\/p>\n\n\n\n<p>While households and communities are supposed to save water during the drought, coal, chemical and mineral water companies, car manufacturers and industrial agriculture consume almost four times as much river and groundwater as all the people in this country combined.<\/p>\n\n\n\n<p>\ud83d\uddde\ufe0f The Climate*Collective has already published two exciting brochures on \"Water struggles on the move\", find out more at <a href=\"https:\/\/t.me\/waterjustice\">https:\/\/t.me\/waterjustice<\/a><\/p>\n<\/div>\n\n\n\n<div style=\"height:20px\" aria-hidden=\"true\" class=\"wp-block-spacer\"><\/div>\n\n\n\n<div class=\"wp-block-group has-global-padding is-layout-constrained wp-block-group-is-layout-constrained\">\n<figure class=\"wp-block-image aligncenter size-full is-resized\"><img loading=\"lazy\" decoding=\"async\" width=\"1080\" height=\"1080\" src=\"https:\/\/oldwp.disrupt-now.org\/wp-content\/uploads\/2024\/04\/photo1709727185.cleaned.jpeg\" alt=\"\" class=\"wp-image-1365\" style=\"width:375px\" srcset=\"https:\/\/oldwp.disrupt-now.org\/wp-content\/uploads\/2024\/04\/photo1709727185.cleaned.jpeg 1080w, https:\/\/oldwp.disrupt-now.org\/wp-content\/uploads\/2024\/04\/photo1709727185.cleaned-300x300.jpeg 300w, https:\/\/oldwp.disrupt-now.org\/wp-content\/uploads\/2024\/04\/photo1709727185.cleaned-150x150.jpeg 150w, https:\/\/oldwp.disrupt-now.org\/wp-content\/uploads\/2024\/04\/photo1709727185.cleaned-768x768.jpeg 768w, https:\/\/oldwp.disrupt-now.org\/wp-content\/uploads\/2024\/04\/photo1709727185.cleaned-12x12.jpeg 12w\" sizes=\"auto, (max-width: 1080px) 100vw, 1080px\" \/><\/figure>\n\n\n\n<h3 class=\"wp-block-heading translation-block\"><strong><strong>There is a forest, water justice and a world to win. <\/strong><\/strong><\/h3>\n\n\n\n<p>\ud83c\udf33\ud83d\udca7 <a href=\"https:\/\/linktr.ee\/teslastoppen\" target=\"_blank\" rel=\"noreferrer noopener\">TeslaStoppen<\/a> is a water occupation against the sale of forest and water for the factory expansion of Tesla in Gr\u00fcnheide. <\/p>\n\n\n\n<p>The occupation and the local citizens' initiative share a common concern: Fighting for water security locally and in global solidarity. The livelihoods of all of us should not be in the hands of a profit-orientated corporation like Tesla.<\/p>\n\n\n\n<p>\ud83d\udd25 The earth is rising up everywhere. The water occupation is part of a broad protest movement against destructive large-scale industrial projects and in favour of social land and water justice. Visit the water occupation canal and drop by. Or take a look at the tour organised by our friends from \"Le Soulevements de la Terre\": <a href=\"https:\/\/wasserlandgerechtigkeit.blackblogs.org\">https:\/\/wasserlandgerechtigkeit.blackblogs.org<\/a><\/p>\n<\/div>\n\n\n\n<div style=\"height:20px\" aria-hidden=\"true\" class=\"wp-block-spacer\"><\/div>\n\n\n\n<figure class=\"wp-block-image aligncenter size-full is-resized\"><img loading=\"lazy\" decoding=\"async\" width=\"1280\" height=\"1280\" src=\"https:\/\/oldwp.disrupt-now.org\/wp-content\/uploads\/2024\/04\/photo1707942235.cleaned.jpeg\" alt=\"\" class=\"wp-image-1362\" style=\"width:375px\" srcset=\"https:\/\/oldwp.disrupt-now.org\/wp-content\/uploads\/2024\/04\/photo1707942235.cleaned.jpeg 1280w, https:\/\/oldwp.disrupt-now.org\/wp-content\/uploads\/2024\/04\/photo1707942235.cleaned-300x300.jpeg 300w, https:\/\/oldwp.disrupt-now.org\/wp-content\/uploads\/2024\/04\/photo1707942235.cleaned-150x150.jpeg 150w, https:\/\/oldwp.disrupt-now.org\/wp-content\/uploads\/2024\/04\/photo1707942235.cleaned-768x768.jpeg 768w, https:\/\/oldwp.disrupt-now.org\/wp-content\/uploads\/2024\/04\/photo1707942235.cleaned-12x12.jpeg 12w\" sizes=\"auto, (max-width: 1280px) 100vw, 1280px\" \/><\/figure>\n\n\n\n<h3 class=\"wp-block-heading\"><strong><strong>What does mobility for all mean?<\/strong><\/strong><\/h3>\n\n\n\n<p>\ud83d\ude8c We need to move away from 1 car per person towards collective transport. We need public transport with good working conditions in the city and in the countryside. And accessible for everyone. A conversion to repair and those means of transport, e.g. buses and trains, that a just world needs.<\/p>\n\n\n\n<h5 class=\"wp-block-heading\">Where can we start?<\/h5>\n\n\n\n<p>\u2699\ufe0f E-cars are not the solution. Now is the time to prevent path dependencies that serve the engine of capitalism. The Tesla factory near Berlin is set to become the largest e-car factory in Europe. There are many reasons to oppose it:<\/p>\n\n\n\n<p>1. the factory is located in the drinking water protection area on Berlin's water source &amp; already many Unwelt-Harvarien. Drinking water only for those who can afford it? <br><a href=\"https:\/\/t.me\/TeslaDenHahnAbdrehen\">https:\/\/t.me\/TeslaDenHahnAbdrehen<\/a><\/p>\n\n\n\n<p>2. e-resource extraction destroys livelihoods &amp; communities.<\/p>\n\n\n\n<p>3. working conditions are catastrophic &amp; there are daily accidents.<\/p>\n\n\n\n<p>4. over 100ha of forest will be cleared.<\/p>\n\n\n\n<p>5. the profits flow to Musk and his fascist ideas.<\/p>\n\n\n\n<h4 class=\"wp-block-heading\">\ud83e\udd1d Form gangs now and come to the action days \ud83d\udca5<\/h4>\n\n\n\n<div style=\"height:15px\" aria-hidden=\"true\" class=\"wp-block-spacer\"><\/div>\n\n\n\n<h3 class=\"wp-block-heading\"><strong>Disrupt Tesla &#8211; the future is now<\/strong><\/h3>","protected":false},"excerpt":{"rendered":"<p>Mobilit\u00e4t ist eine Frage der Gerechtigkeit. \u26d4 Der Kampf gegen Autobauer wie Tesla ist einer von vielen gegen zerst\u00f6rerische Industrien, die unsere Lebensgrundlagen gef\u00e4hrden. Teslas Produktion steht f\u00fcr elende Arbeitsbedingungen, Ausbeutung und Ressourcenvernutzung. Das ist nicht der Anfang, sondern das Ende einer \u00f6kologisch gerechten Verkehrswende. \ud83c\udf33\ud83d\udca7\ud83d\ude8c Wir k\u00e4mpfen f\u00fcr eine kollektive Mobilit\u00e4t, die ressourcen- und [&hellip;]<\/p>","protected":false},"author":2,"featured_media":0,"parent":705,"menu_order":5,"comment_status":"closed","ping_status":"closed","template":"","meta":{"footnotes":""},"class_list":["post-1296","page","type-page","status-publish","hentry"],"_links":{"self":[{"href":"https:\/\/oldwp.disrupt-now.org\/en\/wp-json\/wp\/v2\/pages\/1296","targetHints":{"allow":["GET"]}}],"collection":[{"href":"https:\/\/oldwp.disrupt-now.org\/en\/wp-json\/wp\/v2\/pages"}],"about":[{"href":"https:\/\/oldwp.disrupt-now.org\/en\/wp-json\/wp\/v2\/types\/page"}],"author":[{"embeddable":true,"href":"https:\/\/oldwp.disrupt-now.org\/en\/wp-json\/wp\/v2\/users\/2"}],"replies":[{"embeddable":true,"href":"https:\/\/oldwp.disrupt-now.org\/en\/wp-json\/wp\/v2\/comments?post=1296"}],"version-history":[{"count":31,"href":"https:\/\/oldwp.disrupt-now.org\/en\/wp-json\/wp\/v2\/pages\/1296\/revisions"}],"predecessor-version":[{"id":1557,"href":"https:\/\/oldwp.disrupt-now.org\/en\/wp-json\/wp\/v2\/pages\/1296\/revisions\/1557"}],"up":[{"embeddable":true,"href":"https:\/\/oldwp.disrupt-now.org\/en\/wp-json\/wp\/v2\/pages\/705"}],"wp:attachment":[{"href":"https:\/\/oldwp.disrupt-now.org\/en\/wp-json\/wp\/v2\/media?parent=1296"}],"curies":[{"name":"wp","href":"https:\/\/api.w.org\/{rel}","templated":true}]}}