{"id":1339,"date":"2024-04-17T16:51:37","date_gmt":"2024-04-17T14:51:37","guid":{"rendered":"https:\/\/oldwp.disrupt-now.org\/?page_id=1339"},"modified":"2024-05-08T13:25:23","modified_gmt":"2024-05-08T11:25:23","slug":"aktion-gegen-tesla","status":"publish","type":"page","link":"https:\/\/oldwp.disrupt-now.org\/en\/disrupt-tesla\/aktion-gegen-tesla\/","title":{"rendered":"Action against Tesla"},"content":{"rendered":"<figure class=\"wp-block-image aligncenter size-full is-resized\"><img loading=\"lazy\" decoding=\"async\" width=\"1080\" height=\"1080\" src=\"https:\/\/oldwp.disrupt-now.org\/wp-content\/uploads\/2024\/04\/aktion1.cleaned-edited.png\" alt=\"\" class=\"wp-image-1438\" style=\"width:400px\" srcset=\"https:\/\/oldwp.disrupt-now.org\/wp-content\/uploads\/2024\/04\/aktion1.cleaned-edited.png 1080w, https:\/\/oldwp.disrupt-now.org\/wp-content\/uploads\/2024\/04\/aktion1.cleaned-edited-300x300.png 300w, https:\/\/oldwp.disrupt-now.org\/wp-content\/uploads\/2024\/04\/aktion1.cleaned-edited-150x150.png 150w, https:\/\/oldwp.disrupt-now.org\/wp-content\/uploads\/2024\/04\/aktion1.cleaned-edited-768x768.png 768w, https:\/\/oldwp.disrupt-now.org\/wp-content\/uploads\/2024\/04\/aktion1.cleaned-edited-12x12.png 12w\" sizes=\"auto, (max-width: 1080px) 100vw, 1080px\" \/><\/figure>\n\n\n\n<h4 class=\"wp-block-heading translation-block\">Tesla stands for: Industrial accidents, water scarcity, deforestation, environmental pollution and exploitation here &amp; worldwide!<\/h4>\n\n\n\n<p class=\" translation-block\">We oppose this with the idea of a fair world based on solidarity:\nWe want mobility for all - it starts with free public transport and sustainable mobility concepts, not with more e-cars.<\/p>\n\n\n\n<div style=\"height:15px\" aria-hidden=\"true\" class=\"wp-block-spacer\"><\/div>\n\n\n\n<div class=\"wp-block-columns is-layout-flex wp-container-core-columns-is-layout-d2da2050 wp-block-columns-is-layout-flex\" style=\"margin-bottom:0\">\n<div class=\"wp-block-column is-vertically-aligned-center has-text-color has-background has-link-color wp-elements-9cac0c23cf8c965199df493fba47a82c is-layout-flow wp-block-column-is-layout-flow\" style=\"color:#000000;background:linear-gradient(178deg,rgb(164,164,164) 0%,rgb(249,249,249) 51%);padding-top:2em;padding-right:2em;padding-bottom:2em;padding-left:2em\">\n<h2 class=\"wp-block-heading is-style-default has-text-color has-link-color wp-elements-d20a29e77704e42cecb0b08a2e20dde3\" id=\"single\" style=\"color:#050f6b;font-size:clamp(24.034px, 1.502rem + ((1vw - 3.2px) * 1.663), 40px);\"><strong>Action days from 08-12.05. in Berlin\/Gr\u00fcnheide<\/strong><\/h2>\n\n\n\n<p class=\"has-normal-font-size\" style=\"line-height:1.5\"><strong><strong>We oppose Tesla en masse with actions and demonstrations. <\/strong><\/strong><\/p>\n\n\n\n<hr class=\"wp-block-separator has-text-color has-css-opacity has-background is-style-wide\" style=\"background-color:#000000;color:#000000\"\/>\n\n\n\n<ul class=\"has-normal-font-size wp-block-list\">\n<li>Our aim is to mark those responsible and to creatively interrupt normal enforcement<\/li>\n\n\n\n<li>We want to show that it is possible to stop capitalism, even though it seems so overpowering. <\/li>\n\n\n\n<li>For all further information, come to the camp: There we network, educate ourselves and learn from each other. There we will practice together how we can collectively stand in Tesla's way.<\/li>\n\n\n\n<li><strong>Important<\/strong>: Our actions are not directed against the workers and residents. We stand in solidarity with the local resistance and workers who work in the most precarious conditions at the Tesla plant.<\/li>\n\n\n\n<li>We recommend that you arrive from Wednesday, May 8th.<\/li>\n\n\n\n<li>At the camp there will be info and action info points where you can get in touch if you have any questions!<\/li>\n\n\n\n<li>The EA number for the promotion days: <strong>030\/86 32 140 61<\/strong><\/li>\n\n\n\n<li>Please also generate an EA number <a href=\"https:\/\/oldwp.disrupt-now.org\/en\/disrupt-tesla\/rechtliches\/\">here<\/a>.<\/li>\n\n\n\n<li>Please come to the action in sturdy shoes over your ankles, bring a change of clothes and gloves!<\/li>\n\n\n\n<li>Feel free to write to us in advance if you have any wishes for dismanteling barriers in action.<\/li>\n<\/ul>\n\n\n\n<div class=\"wp-block-buttons alignfull is-horizontal is-content-justification-center is-layout-flex wp-container-core-buttons-is-layout-03627597 wp-block-buttons-is-layout-flex\">\n<div class=\"wp-block-button has-custom-width wp-block-button__width-100\"><a class=\"wp-block-button__link has-white-color has-text-color has-background no-border-radius wp-element-button\" href=\"https:\/\/oldwp.disrupt-now.org\/en\/disrupt-tesla\/camp\/\" style=\"background-color:#000000\">Let\u2019s go to the camp!<\/a><\/div>\n<\/div>\n<\/div>\n<\/div>\n\n\n\n<div style=\"height:37px\" aria-hidden=\"true\" class=\"wp-block-spacer\"><\/div>\n\n\n\n<figure class=\"wp-block-gallery has-nested-images columns-default is-cropped wp-block-gallery-1 is-layout-flex wp-block-gallery-is-layout-flex\">\n<figure class=\"wp-block-image size-full\"><img loading=\"lazy\" decoding=\"async\" width=\"1080\" height=\"1080\" data-id=\"1439\" src=\"https:\/\/oldwp.disrupt-now.org\/wp-content\/uploads\/2024\/04\/aktion2.cleaned-edited.png\" alt=\"\" class=\"wp-image-1439\" srcset=\"https:\/\/oldwp.disrupt-now.org\/wp-content\/uploads\/2024\/04\/aktion2.cleaned-edited.png 1080w, https:\/\/oldwp.disrupt-now.org\/wp-content\/uploads\/2024\/04\/aktion2.cleaned-edited-300x300.png 300w, https:\/\/oldwp.disrupt-now.org\/wp-content\/uploads\/2024\/04\/aktion2.cleaned-edited-150x150.png 150w, https:\/\/oldwp.disrupt-now.org\/wp-content\/uploads\/2024\/04\/aktion2.cleaned-edited-768x768.png 768w, https:\/\/oldwp.disrupt-now.org\/wp-content\/uploads\/2024\/04\/aktion2.cleaned-edited-12x12.png 12w\" sizes=\"auto, (max-width: 1080px) 100vw, 1080px\" \/><\/figure>\n\n\n\n<figure class=\"wp-block-image size-full\"><img loading=\"lazy\" decoding=\"async\" width=\"1080\" height=\"1080\" data-id=\"1440\" src=\"https:\/\/oldwp.disrupt-now.org\/wp-content\/uploads\/2024\/04\/aktion3.cleaned-edited.png\" alt=\"\" class=\"wp-image-1440\" srcset=\"https:\/\/oldwp.disrupt-now.org\/wp-content\/uploads\/2024\/04\/aktion3.cleaned-edited.png 1080w, https:\/\/oldwp.disrupt-now.org\/wp-content\/uploads\/2024\/04\/aktion3.cleaned-edited-300x300.png 300w, https:\/\/oldwp.disrupt-now.org\/wp-content\/uploads\/2024\/04\/aktion3.cleaned-edited-150x150.png 150w, https:\/\/oldwp.disrupt-now.org\/wp-content\/uploads\/2024\/04\/aktion3.cleaned-edited-768x768.png 768w, https:\/\/oldwp.disrupt-now.org\/wp-content\/uploads\/2024\/04\/aktion3.cleaned-edited-12x12.png 12w\" sizes=\"auto, (max-width: 1080px) 100vw, 1080px\" \/><\/figure>\n<\/figure>\n\n\n\n<figure class=\"wp-block-gallery has-nested-images columns-default is-cropped wp-block-gallery-2 is-layout-flex wp-block-gallery-is-layout-flex\">\n<figure class=\"wp-block-image size-full\"><img loading=\"lazy\" decoding=\"async\" width=\"1080\" height=\"1080\" data-id=\"1441\" src=\"https:\/\/oldwp.disrupt-now.org\/wp-content\/uploads\/2024\/04\/aktion5.cleaned-edited.png\" alt=\"\" class=\"wp-image-1441\" srcset=\"https:\/\/oldwp.disrupt-now.org\/wp-content\/uploads\/2024\/04\/aktion5.cleaned-edited.png 1080w, https:\/\/oldwp.disrupt-now.org\/wp-content\/uploads\/2024\/04\/aktion5.cleaned-edited-300x300.png 300w, https:\/\/oldwp.disrupt-now.org\/wp-content\/uploads\/2024\/04\/aktion5.cleaned-edited-150x150.png 150w, https:\/\/oldwp.disrupt-now.org\/wp-content\/uploads\/2024\/04\/aktion5.cleaned-edited-768x768.png 768w, https:\/\/oldwp.disrupt-now.org\/wp-content\/uploads\/2024\/04\/aktion5.cleaned-edited-12x12.png 12w\" sizes=\"auto, (max-width: 1080px) 100vw, 1080px\" \/><\/figure>\n\n\n\n<figure class=\"wp-block-image size-full\"><img loading=\"lazy\" decoding=\"async\" width=\"1080\" height=\"1080\" data-id=\"1442\" src=\"https:\/\/oldwp.disrupt-now.org\/wp-content\/uploads\/2024\/04\/aktion5neu.cleaned-edited.png\" alt=\"\" class=\"wp-image-1442\" srcset=\"https:\/\/oldwp.disrupt-now.org\/wp-content\/uploads\/2024\/04\/aktion5neu.cleaned-edited.png 1080w, https:\/\/oldwp.disrupt-now.org\/wp-content\/uploads\/2024\/04\/aktion5neu.cleaned-edited-300x300.png 300w, https:\/\/oldwp.disrupt-now.org\/wp-content\/uploads\/2024\/04\/aktion5neu.cleaned-edited-150x150.png 150w, https:\/\/oldwp.disrupt-now.org\/wp-content\/uploads\/2024\/04\/aktion5neu.cleaned-edited-768x768.png 768w, https:\/\/oldwp.disrupt-now.org\/wp-content\/uploads\/2024\/04\/aktion5neu.cleaned-edited-12x12.png 12w\" sizes=\"auto, (max-width: 1080px) 100vw, 1080px\" \/><\/figure>\n<\/figure>","protected":false},"excerpt":{"rendered":"<p>Tesla steht f\u00fcr: Arbeitsunf\u00e4lle, Wasserknappheit, Waldrodung, Umweltbelastung und Ausbeutung hier &amp; weltweit! Dem setzen wir die Idee einer gerechten und solidarischen Welt entgegen:Wir wollen Mobilit\u00e4t f\u00fcr alle \u2013 Die f\u00e4ngt mit kostenfreiem \u00d6PNV und nachhaltigen Mobilit\u00e4tskonzepten an, nicht mit mehr E-Autos. Aktionstage vom 08.-12.05. in Berlin\/Gr\u00fcnheide Wir widersetzen uns Tesla massenhaft mit Aktionen und Demonstrationen.<\/p>","protected":false},"author":2,"featured_media":0,"parent":705,"menu_order":5,"comment_status":"closed","ping_status":"closed","template":"","meta":{"footnotes":""},"class_list":["post-1339","page","type-page","status-publish","hentry"],"_links":{"self":[{"href":"https:\/\/oldwp.disrupt-now.org\/en\/wp-json\/wp\/v2\/pages\/1339","targetHints":{"allow":["GET"]}}],"collection":[{"href":"https:\/\/oldwp.disrupt-now.org\/en\/wp-json\/wp\/v2\/pages"}],"about":[{"href":"https:\/\/oldwp.disrupt-now.org\/en\/wp-json\/wp\/v2\/types\/page"}],"author":[{"embeddable":true,"href":"https:\/\/oldwp.disrupt-now.org\/en\/wp-json\/wp\/v2\/users\/2"}],"replies":[{"embeddable":true,"href":"https:\/\/oldwp.disrupt-now.org\/en\/wp-json\/wp\/v2\/comments?post=1339"}],"version-history":[{"count":24,"href":"https:\/\/oldwp.disrupt-now.org\/en\/wp-json\/wp\/v2\/pages\/1339\/revisions"}],"predecessor-version":[{"id":1771,"href":"https:\/\/oldwp.disrupt-now.org\/en\/wp-json\/wp\/v2\/pages\/1339\/revisions\/1771"}],"up":[{"embeddable":true,"href":"https:\/\/oldwp.disrupt-now.org\/en\/wp-json\/wp\/v2\/pages\/705"}],"wp:attachment":[{"href":"https:\/\/oldwp.disrupt-now.org\/en\/wp-json\/wp\/v2\/media?parent=1339"}],"curies":[{"name":"wp","href":"https:\/\/api.w.org\/{rel}","templated":true}]}}