{"id":1689,"date":"2024-05-04T18:04:48","date_gmt":"2024-05-04T16:04:48","guid":{"rendered":"https:\/\/oldwp.disrupt-now.org\/?page_id=1689"},"modified":"2024-05-09T00:41:56","modified_gmt":"2024-05-08T22:41:56","slug":"rechtliches","status":"publish","type":"page","link":"https:\/\/oldwp.disrupt-now.org\/en\/disrupt-tesla\/rechtliches\/","title":{"rendered":"Legal matters"},"content":{"rendered":"<h2 class=\"wp-block-heading\">General information<\/h2>\n\n\n\n<p>You can reach the Legal Team (EA in short) at:<br><strong>0049-(0)30 863 21 40 61.<\/strong><\/p>\n\n\n\n<p>You can generate your personal EA number here:<\/p>\n\n\n\n<div class=\"wp-block-buttons is-layout-flex wp-block-buttons-is-layout-flex\">\n<div class=\"wp-block-button\"><a class=\"wp-block-button__link wp-element-button\" href=\"https:\/\/ea.oldwp.disrupt-now.org\/\">EA-Nummern Generator<\/a><\/div>\n<\/div>\n\n\n\n<p>You can find all information on possible reprisals in the<a href=\"https:\/\/oldwp.disrupt-now.org\/wp-content\/uploads\/2024\/05\/Broschuere_BB-B_042024_deutsch.cleaned.pdf\" target=\"_blank\" rel=\"noreferrer noopener\"> <strong>Legal aid brochure for Berlin &amp; Brandenburg<\/strong><\/a> (04\/2024)<\/p>\n\n\n\n<p><strong>If you receive mail from the police, the public prosecutor's office or a court, please contact:&nbsp;<\/strong><\/p>\n\n\n\n<p><strong>legalcare24@systemausfall.org <\/strong><br><a href=\"https:\/\/oldwp.disrupt-now.org\/wp-content\/uploads\/2024\/05\/legalcare24-legalcare24@systemausfall.org-0x092A631E92C5DEC8-public.asc\">(PGP key can be found here)<\/a><\/p>\n\n\n\n<p>Check the <a href=\"https:\/\/oldwp.disrupt-now.org\/en\/disrupt-tesla\/infoveranstaltungen\/\">dates<\/a> to see if and where anti-repression trainings for the actions are taking place in your area!<\/p>\n\n\n\n<p>Have fun in the action and take care of yourselves!<\/p>\n\n\n\n<h2 class=\"wp-block-heading\">EA number generator<\/h2>\n\n\n\n<div class=\"wp-block-buttons is-layout-flex wp-block-buttons-is-layout-flex\">\n<div class=\"wp-block-button\"><a class=\"wp-block-button__link wp-element-button\" href=\"https:\/\/ea.oldwp.disrupt-now.org\/\">EA-Nummern Generator<\/a><\/div>\n<\/div>\n\n\n\n<p><a href=\"https:\/\/ea.oldwp.disrupt-now.org\/\">Here <\/a>you will be shown a personalised number that you can tell the Legal Team \/ EA if you are detained and want to contact the Legal Team anonymously. You can also give the number to your affinity group or friends so that they can enquire about you with the legal team. Please remember: Every person in custody has the right to successfully contact any person they trust. <\/p>\n\n\n\n<p>You can reach the legal team at <strong>0049-(0)30 863 21 40 61<\/strong>.<\/p>\n\n\n\n<p class=\" translation-block\">If you are not sure whether your number has been passed on to us by others (e. g. in the kettle): Better call us once too often than too little and let us know briefly if everything is OK.<\/p>\n\n\n\n<p>The EA numbers are individual numbers and consist of 5 digits. For example 13120<br>A very large number of numbers can be produced with the <a href=\"https:\/\/ea.oldwp.disrupt-now.org\/\">EA number generator, <\/a>up to infinity, so to speak \ud83d\ude09<\/p>\n\n\n\n<p>When you reload the page or click on \"Next number\", a new number will be created immediately. Simply write down the first\/best number, it is your individual EA number!<\/p>\n\n\n\n<h2 class=\"wp-block-heading\">Current legal aid brochure for Berlin and Brandenburg<\/h2>\n\n\n\n<p class=\" translation-block\">This brochure offers legal advice from activists for activists. Unfortunatly it is only available in german yet! She wants to support the resistance against the prevailing conditions. It takes into account the specific legislation in Brandenburg and Berlin and can therefore be used throughout Germany in large parts, but not in every detail. In the PDF version we have linked each section to the current legal text on the Internet.<\/p>\n\n\n\n<h4 class=\"wp-block-heading\"><strong>We stand in solidarity! No person is left alone!<\/strong><\/h4>\n\n\n\n<p>Repression occurs on many levels: from the pressure that may be exerted on you by relatives to police and legal measures against you. Regardless of the action, it makes sense to deal with possible repression beforehand, be it state or civil law, and to know the legal situation.<br>We see repression as a means of political pressure that we must oppose together. We want to pass on the necessary support and our knowledge to you, but at the same time we depend on your attention and cooperation.<br>We cannot promise a watertight answer to every question, because repression is not always predictable and depends on the tactics and strategies of the repressive authorities. But it remains clear that repression aims to isolate and intimidate. That's why it's important for us to emphasize:<br><strong>We stand in solidarity! No person is left alone!<\/strong><\/p>\n\n\n\n<div data-wp-interactive=\"core\/file\" class=\"wp-block-file\"><object data-wp-bind--hidden=\"!state.hasPdfPreview\" hidden class=\"wp-block-file__embed\" data=\"https:\/\/oldwp.disrupt-now.org\/wp-content\/uploads\/2024\/05\/Broschuere_BB-B_042024_deutsch.cleaned.pdf\" type=\"application\/pdf\" style=\"width:100%;height:600px\" aria-label=\"Embed of Rechtshilfebrosch\u00fcre_2024_BB\/B_deutsch.\"><\/object><a id=\"wp-block-file--media-3224464e-ddb3-4710-a5a6-00b6d76146e0\" href=\"https:\/\/oldwp.disrupt-now.org\/wp-content\/uploads\/2024\/05\/Broschuere_BB-B_042024_deutsch.cleaned.pdf\">Legal Aid Manual for Actions\nin Berlin and Brandenburg 2024<\/a><a href=\"https:\/\/oldwp.disrupt-now.org\/wp-content\/uploads\/2024\/05\/Broschuere_BB-B_042024_deutsch.cleaned.pdf\" class=\"wp-block-file__button wp-element-button\" download aria-describedby=\"wp-block-file--media-3224464e-ddb3-4710-a5a6-00b6d76146e0\">download<\/a><\/div>\n\n\n\n<div data-wp-interactive=\"core\/file\" class=\"wp-block-file\"><object data-wp-bind--hidden=\"!state.hasPdfPreview\" hidden class=\"wp-block-file__embed\" data=\"https:\/\/oldwp.disrupt-now.org\/wp-content\/uploads\/2024\/05\/Broschuere_BB-B_042024_english.cleaned.pdf\" type=\"application\/pdf\" style=\"width:100%;height:600px\" aria-label=\"Embed of Broschuere_BB-B_042024_english.cleaned.\"><\/object><a id=\"wp-block-file--media-446db452-299f-4678-b58e-ca7917e7521c\" href=\"https:\/\/oldwp.disrupt-now.org\/wp-content\/uploads\/2024\/05\/Broschuere_BB-B_042024_english.cleaned.pdf\">Broschuere_BB-B_042024_english.cleaned<\/a><a href=\"https:\/\/oldwp.disrupt-now.org\/wp-content\/uploads\/2024\/05\/Broschuere_BB-B_042024_english.cleaned.pdf\" class=\"wp-block-file__button wp-element-button\" download aria-describedby=\"wp-block-file--media-446db452-299f-4678-b58e-ca7917e7521c\">download<\/a><\/div>\n\n\n\n<h2 class=\"wp-block-heading\">Contact to the legal team<\/h2>\n\n\n\n<p>If you have any questions, please contact the Legal Team.<br>By phone at <strong>0049-(0)30 863 21 40 61<\/strong><br>or by mail <strong>legalcare24@systemausfall.org<\/strong> <br>We recommend that you encrypt your mails with PGP. The public PGP key is available as a file <a href=\"https:\/\/oldwp.disrupt-now.org\/wp-content\/uploads\/2024\/05\/legalcare24-legalcare24@systemausfall.org-0x092A631E92C5DEC8-public.asc\"><strong>here<\/strong><\/a> or here as a text block:<br><\/p>\n\n\n\n<details class=\"wp-block-details is-layout-flow wp-block-details-is-layout-flow\"><summary>PGP-Key<\/summary>\n<p>&#8212;&#8211;BEGIN PGP PUBLIC KEY BLOCK&#8212;&#8211;<\/p>\n\n\n\n<p>xsDNBGYz0IoBDACxQYzW9mvY4NZ4iVIciPiRJjF06bFvr9ocLlEAh65NYPSLNdH3<br>OuT5kUseC0YNdX5t7kh9+nKMZ8n7dYYFhv3SIDwMy3DBQ\/dCpPAMLaK5wqF7Fv7n<br>bwvwxCUp2I2VTz+fpbdpfVgrEmBl9lLe74a7l5kz4Lm7suJUEDuAMIYHDvZQWJLK<br>8pwlWJsbAmlvUPohJJK6YcOiQDNpaGb87Pxxo5\/9clk+IdM6BB\/RUwJA6h3oAatI<br>bHD78U6065e3SWuAlUx\/wUWi4O7a0hnnroIG9Z5jyR29c9TqAQi7X+m8T+OsSjmB<br>OF73idxsQhId7ov\/n\/hyBg1NCAfy9RGtNidbfIaXKQmrs829jnQCYw87vRmSUP3g<br>5WMA9MRGaz0a\/PhcxXRO2+VLTC+FQxUdOljKb39xLN5dmjLx73angJtODcXxHzqN<br>TYjHYATqKlWFET2yWv0xH45YFFUKDeo08I+Y7QlaQOU3zNey+fcfDOza4KFxOMq4<br>bmXhkA2\/w9PJk5EAEQEAAc0rbGVnYWxjYXJlMjQgPGxlZ2FsY2FyZTI0QHN5c3Rl<br>bWF1c2ZhbGwub3JnPsLBDQQTAQgANxYhBHRkBHGjE3k4ouzUlwkqYx6Sxd7IBQJm<br>M9CLBQkFo5qAAhsDBAsJCAcFFQgJCgsFFgIDAQAACgkQCSpjHpLF3sgBBQwAjxW9<br>7uPus9sFHglwU90m0WFX7RCOUznSSprs9lMadBkF+XHhe\/d50lPzjs+5jmwnrkTQ<br>nOZdRuNPFRQ58pE5\/wNIqkjboM\/tRE46T6c6Q8PWfOoXeelXhO14IMOYjndIR3N8<br>EPrkqU8gHi+51XjiJq9FAqtzsKBgFGiLEGZPq6i6\/KNf34mEDDhCfqOxqWjN8huX<br>quCyDx4cY4qV+HLdTSVIbxk2QLxft86b3sHToq2rrmwpxlyRbgqtJImFAw3j2l5H<br>dcd2VfFHmhmE2emS7LLdwMjXrhJQ2nls6GzR\/RehhoZXC1lhYKgfKGhLzJuCBv+e<br>jeuh2JU\/0+JVTI9BYLIb5oNtSy8+rxeCgWW\/P7U4M8M9X\/SQxbz1SbxMLurIG9fV<br>U5ISlzSQtzhv+m3pedUVw0TaRW71TsvDEzGS015G9Qrzo7vBv8SjfC6obod5XSsB<br>UhAcbHbxO2\/dc8nwqtdCc6E6AjpADRu7\/aOVDuNaLzHqc0\/QIMOlLMxeMPnZzsDN<br>BGYz0IsBDADCxT+OjQLOqkMzuE\/vgO8zO94EcV0DyxBRh0PtZHdcT0\/js7RQeYcB<br>l8xk9v5cIpEk6eu6xfMpA95tSKTmTyhS1Bzm865ujhPeteXePVnF+QVlhvVLq8Ip<br>iAFA5H0NMgupB8xkjdOoW\/UCQ6hwiX5vuYZG3We\/tV3qdeKlW+B5Wwr7ZgIw+UOK<br>+zcyc5Jg9Y2M5ovhXFk3A7sZon0aYhbFmgvzXCtOEqsGckWeoaOP0gSUEqkbemT4<br>7EnYhrc07GKtwwmBLS57da5Gx6gcx1AfGXhGhnztOs3U66BvXD\/EAlk3Ifq2t1d4<br>p8aYb\/5SfaIXiHDJUESXuVtibGkSVTiyTE6kDVfTDqKGFGkOTzENcx9RHrxT3sLx<br>BqaUFCpJdbwTTNot6SJr0KsXx13LOV0HotTO41nQLnHa2CclMHgqedKM2hO2fBBL<br>qjSWlBZrP85eb2vebAotQSmo28AFJMUZwgu4ztRp\/dT95EUQoDRYuy6ubwj\/mOHf<br>874dYFbDZ6EAEQEAAcLA\/AQYAQgAJhYhBHRkBHGjE3k4ouzUlwkqYx6Sxd7IBQJm<br>M9CMBQkFo5qAAhsMAAoJEAkqYx6Sxd7I9BUMAI+imsBryxe33nX3A8BrCPyXJiAs<br>slksy79tRufGGoRbXAuEf2t9ksmQoB\/++lZVk\/bkr0cdXVwyf+1HkWpSeXXbNyta<br>ZM3POvm6KtG48LCyxbaNdsxfZTpwtf0E0dWUwV7cx3VdZ1PZiF9A21rPh8\/D+p6o<br>mrJdrfdOadywdx+geK5VDdxY\/O5mGg3E7YSaM1n0WB5sf02sWO2EQ3P8teaGb69K<br>74tfmCadA3EF1hi1ongkarC1LSEc3+sQVKkiAPV0c4ep\/QJb5VxTmF3OAe7rBc7+<br>MYBni2Emze1iu+QlNnTFrNsjGGE2ccSnaYzc5qkejFLBjo7d7+5YjVQs0bXsBw\/T<br>8sKLi+tqG52FZJl9u6dRf1mw0JJAeSlpipaZoHGUAbVZJu0n1EMYJfAvts5PC+Y2<br>vu28bZuEaZEp2cvknVyoicLe4KKdFseUFhSfk+b9NzRNkZKhYGSOCQPJUjCoy1aI<br>J9jdf1qigIYVrsJhNEW7bKrETbFPzdDQnuyrKA==<br>=8gQ\/<br>&#8212;&#8211;END PGP PUBLIC KEY BLOCK&#8212;&#8211;<\/p>\n<\/details>","protected":false},"excerpt":{"rendered":"<p>Allgemeines Das Legal Team bzw. den Ermittlungsausschuss (kurz EA) erreichst du unter:0049-(0)30 863 21 40 61. Deine pers\u00f6nliche EA-Nummer kannst du hier generieren: Alle Infos zu m\u00f6glichen Repressionen findest du in der Rechtshilfebrosch\u00fcre f\u00fcr Berlin &amp; Brandenburg (Stand 04\/2024) Falls du Post von der Polizei, der Staatsanwaltschaft oder einem Gericht bekommt, meldet euch bei:&nbsp; legalcare24@systemausfall.org [&hellip;]<\/p>","protected":false},"author":2,"featured_media":0,"parent":705,"menu_order":7,"comment_status":"closed","ping_status":"closed","template":"","meta":{"footnotes":""},"class_list":["post-1689","page","type-page","status-publish","hentry"],"_links":{"self":[{"href":"https:\/\/oldwp.disrupt-now.org\/en\/wp-json\/wp\/v2\/pages\/1689","targetHints":{"allow":["GET"]}}],"collection":[{"href":"https:\/\/oldwp.disrupt-now.org\/en\/wp-json\/wp\/v2\/pages"}],"about":[{"href":"https:\/\/oldwp.disrupt-now.org\/en\/wp-json\/wp\/v2\/types\/page"}],"author":[{"embeddable":true,"href":"https:\/\/oldwp.disrupt-now.org\/en\/wp-json\/wp\/v2\/users\/2"}],"replies":[{"embeddable":true,"href":"https:\/\/oldwp.disrupt-now.org\/en\/wp-json\/wp\/v2\/comments?post=1689"}],"version-history":[{"count":19,"href":"https:\/\/oldwp.disrupt-now.org\/en\/wp-json\/wp\/v2\/pages\/1689\/revisions"}],"predecessor-version":[{"id":1791,"href":"https:\/\/oldwp.disrupt-now.org\/en\/wp-json\/wp\/v2\/pages\/1689\/revisions\/1791"}],"up":[{"embeddable":true,"href":"https:\/\/oldwp.disrupt-now.org\/en\/wp-json\/wp\/v2\/pages\/705"}],"wp:attachment":[{"href":"https:\/\/oldwp.disrupt-now.org\/en\/wp-json\/wp\/v2\/media?parent=1689"}],"curies":[{"name":"wp","href":"https:\/\/api.w.org\/{rel}","templated":true}]}}