{"id":1727,"date":"2024-05-04T23:32:05","date_gmt":"2024-05-04T21:32:05","guid":{"rendered":"https:\/\/oldwp.disrupt-now.org\/?page_id=1727"},"modified":"2024-05-13T16:56:47","modified_gmt":"2024-05-13T14:56:47","slug":"pressespiegel","status":"publish","type":"page","link":"https:\/\/oldwp.disrupt-now.org\/en\/pressespiegel\/","title":{"rendered":"Press review"},"content":{"rendered":"<p><\/p>\n\n\n\n<details class=\"wp-block-details is-layout-flow wp-block-details-is-layout-flow\"><summary>Disrupt Tesla 08.-12.05.<\/summary>\n<ul class=\"wp-block-list\">\n<li><a href=\"https:\/\/taz.de\/Widerstand-in-Gruenheide\/!6007397\/\" target=\"_blank\" rel=\"noreferrer noopener\">&#8222;Das Camp geht, der Protest bleibt&#8220;<\/a> &#8211; TAZ 12.05.24<\/li>\n\n\n\n<li><a href=\"https:\/\/www.sueddeutsche.de\/auto\/gruenheide-protest-gegen-tesla-duerfte-nach-aktionswoche-weitergehen-dpa.urn-newsml-dpa-com-20090101-240511-99-992484\" target=\"_blank\" rel=\"noreferrer noopener\">&#8222;Protest gegen Tesla d\u00fcrfte nach Aktionswoche weitergehen&#8220;<\/a> &#8211; SZ 12.05.24<\/li>\n\n\n\n<li><a href=\"https:\/\/www.tagesschau.de\/inland\/regional\/brandenburg\/rbb-tesla-gegner-beenden-aktionstage-und-kuendigen-weitere-proteste-an-100.html\" target=\"_blank\" rel=\"noreferrer noopener\">&#8222;Tesla-Gegner k\u00fcndigen weitere Proteste an&#8220;<\/a> &#8211; Tagesschau 12.05.24<\/li>\n\n\n\n<li><a href=\"https:\/\/www.rbb24.de\/wirtschaft\/beitrag\/2024\/05\/tesla-gruenheide-protest-aktionstage-beendet-weitere-aktionen.html\" target=\"_blank\" rel=\"noreferrer noopener\">&#8222;Tesla-Gegner beenden &#8222;Aktionstage&#8220; &#8211; und k\u00fcndigen weitere Proteste an&#8220;<\/a> &#8211; RBB 12.05.24<\/li>\n\n\n\n<li><a href=\"https:\/\/www.tagesspiegel.de\/potsdam\/brandenburg\/uber-1000-menschen-bei-anti-tesla-protest-in-grunheide-vereinzelt-rangeleien-und-pyrotechnik--polizist-leicht-verletzt-11642759.html\" target=\"_blank\" rel=\"noreferrer noopener\">&#8222;\u00dcber 1000 Menschen bei Anti-Tesla-Protest in Gr\u00fcnheide&#8220;<\/a> &#8211; Tagesspiegel 12.05.24<\/li>\n\n\n\n<li><a href=\"https:\/\/www.msn.com\/de-de\/nachrichten\/panorama\/tesla-demo-in-gr%C3%BCnheide-gr%C3%BCner-kapitalismus-ist-eine-dreckige-l%C3%BCge\/ar-BB1mdULW\" target=\"_blank\" rel=\"noreferrer noopener\">&#8222;Tesla-Demo in Gr\u00fcnheide: \u201eGr\u00fcner Kapitalismus ist eine dreckige L\u00fcge\u201c&#8220;<\/a> &#8211; MSN Nachrichten 12.05.24<\/li>\n\n\n\n<li><a href=\"https:\/\/www.tagesschau.de\/inland\/regional\/brandenburg\/tesla-gruenheide-protest-100.html\" target=\"_blank\" rel=\"noreferrer noopener\">&#8222;Mehr als 1.000 Teilnehmer: Erneut Demonstration gegen Tesla-Werk in Gr\u00fcnheide&#8220;<\/a> &#8211; Tagesschau 11.05.24<\/li>\n\n\n\n<li><a href=\"https:\/\/www.dw.com\/en\/berlin-tesla-activists-say-civil-disobedience-is-only-option\/a-69054007\" target=\"_blank\" rel=\"noreferrer noopener\">&#8222;Berlin Tesla activists say civil disobedience is only option&#8220;<\/a> &#8211; Deutsche Welle 11.05.24<\/li>\n\n\n\n<li><a href=\"https:\/\/www.morgenpost.de\/berlin\/article242306994\/Tesla-Das-denkt-die-Buergerinitiative-ueber-die-Proteste.html\" target=\"_blank\" rel=\"noreferrer noopener\">&#8222;Tesla: Das denkt die B\u00fcrgerinitiative \u00fcber die Proteste&#8220;<\/a> &#8211; Morgenpost 11.05.24<\/li>\n\n\n\n<li><a href=\"https:\/\/www.nordkurier.de\/regional\/brandenburg\/protest-gegen-tesla-aktivisten-sehen-gefahren-fuer-umwelt-2517409\">&#8222;Protest gegen Tesla: Aktivisten sehen Gefahren f\u00fcr Umwelt&#8220;<\/a> &#8211; Nordkurier 11.05.24<\/li>\n\n\n\n<li><a href=\"https:\/\/www.zdf.de\/nachrichten-sendungen\/heute-19-uhr\/tesla-proteste-werkserweiterung-brandenburg-100.html\" target=\"_blank\" rel=\"noreferrer noopener\">&#8222;Heftige Proteste gegen Tesla&#8220; <\/a>&#8211; ZDF 10.05.24<\/li>\n\n\n\n<li><a href=\"https:\/\/www.prosieben.de\/serien\/newstime\/news\/proteste-am-tesla-werksgelaende-und-verletzte-polizei-in-grosseinsatz-370489\" target=\"_blank\" rel=\"noreferrer noopener\">&#8222;Polizei im Gro\u00dfeinsatz: Proteste und Verletzte am Tesla-Werk in Gr\u00fcnheide&#8220;<\/a> &#8211; ProSieben 10.05.24<\/li>\n\n\n\n<li><a href=\"https:\/\/www.msn.com\/en-us\/money\/markets\/videos-show-protesters-clashing-with-police-near-teslas-berlin-gigafactory\/ar-BB1matUi\" target=\"_blank\" rel=\"noreferrer noopener\">&#8222;Videos show protesters clashing with police near Tesla&#8217;s Berlin gigafactory&#8220; <\/a>&#8211; Buisness Insider on MSN 10.05.24<\/li>\n\n\n\n<li><a href=\"https:\/\/www.morgenpost.de\/berlin\/article242299270\/Tesla-Gegner-wollen-offenbar-Werksgelaende-stuermen.html\" target=\"_blank\" rel=\"noreferrer noopener\">&#8222;Tesla-Gegner wollen Werksgel\u00e4nde st\u00fcrmen&#8220;<\/a> &#8211; Berliner Morgenpost 10.05.24<\/li>\n\n\n\n<li><a href=\"https:\/\/www.fr.de\/wirtschaft\/tesla-protest-gruenheide-berlin-gegener-demonstrationen-proteste-ausschreitungen-polizei-zr-93062123.html\" target=\"_blank\" rel=\"noreferrer noopener\">&#8222;Tesla-Gegner \u00fcberwinden Z\u00e4une in Gr\u00fcnheide \u2013 Polizei: \u201eWir sind dabei, das zu verhindern\u201c&#8220;<\/a> &#8211; Frankfurter Rundschau 10.05.24<\/li>\n\n\n\n<li><a href=\"https:\/\/www.morgenpost.de\/berlin\/article242298076\/Protestaktion-gegen-Tesla-vor-Mall-of-Berlin.html\" target=\"_blank\" rel=\"noreferrer noopener\">&#8222;Protestaktion gegen Tesla vor \u201eMall of Berlin&#8220;&#8220;<\/a> &#8211; Berliner Morgenpost 10.05.24<\/li>\n\n\n\n<li><a href=\"https:\/\/www.prosieben.de\/serien\/newstime\/news\/protestwoche-gegen-tesla-das-bisherige-fazit-der-polizei-in-gruenheide-369658\" target=\"_blank\" rel=\"noreferrer noopener\">&#8222;Protestwoche gegen Tesla: Das bisherige Fazit der Polizei in Gr\u00fcnheide&#8220;<\/a> &#8211; ProSieben 10.05.24<\/li>\n\n\n\n<li><a href=\"https:\/\/www.t-online.de\/klima\/leben-umwelt\/id_100403020\/-tesla-stoppen-aktionstage-800-aktivisten-stuermen-auf-das-tesla-gelaende.html\" target=\"_blank\" rel=\"noreferrer noopener\">&#8222;&#8220;Tesla stoppen&#8220;-Aktionstage: 800 Aktivisten st\u00fcrmen auf das Tesla-Gel\u00e4nde&#8220;<\/a> &#8211; t-online 10.05.24<\/li>\n\n\n\n<li><a href=\"https:\/\/www.rbb24.de\/wirtschaft\/beitrag\/2024\/05\/tesla-protest-gegen-werk-ausbau-gruenheide.html\" target=\"_blank\" rel=\"noreferrer noopener\">&#8222;Tesla-Gegner versuchen auf Werksgel\u00e4nde vorzudringen&#8220;<\/a> &#8211; rbb 10.05.24<\/li>\n\n\n\n<li><a href=\"https:\/\/www.msn.com\/en-us\/news\/other\/climate-protesters-try-to-break-into-teslas-germany-factory-multiple-people-arrested\/ar-BB1makzg\" target=\"_blank\" rel=\"noreferrer noopener\">&#8222;Climate protesters try to break into Tesla&#8217;s Germany factory, multiple people arrested&#8220;<\/a> &#8211; CNBC 10.05.24<\/li>\n\n\n\n<li><a href=\"https:\/\/www.businessinsider.de\/politik\/tagelange-proteste-gegen-tesla-gruenheide-1200-aktivisten-campen-im-wald\/\" target=\"_blank\" rel=\"noreferrer noopener\">&#8222;Proteste gegen Tesla in Gr\u00fcnheide: Mit diesen Forderungen wollen B\u00fcndnisse den E-Werk-Ausbau jetzt final verhindern&#8220; <\/a>&#8211; Business Insider 09.05.24<\/li>\n\n\n\n<li><a href=\"https:\/\/www.moz.de\/lokales\/strausberg\/tesla-gruenheide-1200-menschen-im-protest-camp-erwartet-73751845.html\" target=\"_blank\" rel=\"noreferrer noopener\">&#8222;1200 Menschen im Protest-Camp erwartet&#8220;<\/a> &#8211; MOZ 09.05.24<\/li>\n\n\n\n<li><a href=\"https:\/\/www.rbb24.de\/wirtschaft\/beitrag\/2024\/05\/demonstrationen-gegen-tesla-werk-ausbau-gruenheide.html\" target=\"_blank\" rel=\"noreferrer noopener\">&#8222;Mehrere hundert Menschen demonstrieren gegen Ausbau von Tesla-Fabrik&#8220;<\/a> &#8211; rbb 09.05.24<\/li>\n\n\n\n<li><a href=\"https:\/\/taz.de\/Proteste-in-Gruenheide\/!6009447\/\" target=\"_blank\" rel=\"noreferrer noopener\">&#8222;Proteste in Gr\u00fcnheide: Tesla-Fabrik ruht am Freitag&#8220; <\/a>&#8211; TAZ 08.05.24<\/li>\n\n\n\n<li><a href=\"https:\/\/www.zeit.de\/news\/2024-05\/08\/grosseinsatz-gewerkschaft-fuer-friedlichen-tesla-protest\" target=\"_blank\" rel=\"noreferrer noopener\">&#8222;Gro\u00dfeinsatz: Gewerkschaft f\u00fcr friedlichen Tesla-Protest&#8220;<\/a> &#8211; Zeit online 08.05.24<\/li>\n\n\n\n<li><a href=\"https:\/\/www.rbb24.de\/wirtschaft\/beitrag\/2024\/05\/brandenburg-protest-gegen-tesla-gruenheide-polizei-einsatz.html\" target=\"_blank\" rel=\"noreferrer noopener\">&#8222;Erster Protesttag gegen Tesla in Gr\u00fcnheide ruhig verlaufen&#8220; <\/a>&#8211; rbb 08.05.24<\/li>\n\n\n\n<li><a href=\"https:\/\/edition.cnn.com\/2024\/05\/08\/business\/tesla-berlin-plant-shutdown-protests\/index.html\" target=\"_blank\" rel=\"noreferrer noopener\">&#8222;Tesla tells its German factory workers to stay home as more protests loom&#8220;<\/a> &#8211; CNN Buisness 08.05.24<\/li>\n\n\n\n<li><a href=\"https:\/\/www.washingtontimes.com\/news\/2024\/may\/8\/tesla-orders-german-factory-workers-stay-home-amid\/\" target=\"_blank\" rel=\"noreferrer noopener\">&#8222;Tesla orders German factory workers to stay home amid upcoming eco protests&#8220; <\/a>&#8211; Washington Times 08.05.24<\/li>\n<\/ul>\n<\/details>\n\n\n\n<details class=\"wp-block-details is-layout-flow wp-block-details-is-layout-flow\"><summary>Disrupt Mercedes 09.04.<\/summary>\n<ul class=\"wp-block-list\">\n<li><a href=\"https:\/\/www.nd-aktuell.de\/artikel\/1181309.protest-gegen-luxusautos-mercedes-werk-in-bremen-blockiert.html\" target=\"_blank\" rel=\"noreferrer noopener\">Mercedes-Werk in Bremen blockiert<\/a> &#8211; ND 09.04.24<\/li>\n\n\n\n<li><a href=\"https:\/\/www.ndr.de\/nachrichten\/niedersachsen\/oldenburg_ostfriesland\/Aktivisten-blockieren-Mercedes-Werk-und-legen-komplett-Bahnverkehr-lahm,bahn3312.html\">Aktivisten blockieren Mercedes-Werk und legen Bahnverkehr lahm<\/a> &#8211; NDR 09.04.24<\/li>\n\n\n\n<li><a href=\"https:\/\/www.ardmediathek.de\/video\/hallo-niedersachsen\/aktivisten-gruppe-disrupt-now-blockiert-mercedes-werk\/ndr\/Y3JpZDovL25kci5kZS8zY2IzNWUzNi0wYzNjLTQ3MGYtOWRhYi1kY2RlZjJmODk3MzU\">Aktivisten-Gruppe &#8222;Disrupt Now&#8220; blockiert Mercedes-Werk<\/a> &#8211; Hallo Niedersachsen 09.04.24<\/li>\n\n\n\n<li><a href=\"https:\/\/taz.de\/Aktion-gegen-Luxusautos-in-Bremen\/!6000500\/\" target=\"_blank\" rel=\"noreferrer noopener\">Klimaprotest bremst Mercedes aus<\/a> &#8211; TAZ 09.04.24<\/li>\n\n\n\n<li><a href=\"https:\/\/www.zeit.de\/news\/2024-04\/08\/aktivisten-blockieren-mercedes-werk-bei-bremen\" target=\"_blank\" rel=\"noreferrer noopener\">Aktivisten blockierten stundenlang Mercedes-Werk Bremen<\/a> &#8211; Zeit Online 09.04.24<\/li>\n\n\n\n<li><a href=\"https:\/\/www.youtube.com\/watch?v=DxQPbm31fgU\">Aktivisten blockieren Mercedes-Werk bei Bremen<\/a> &#8211; NWZ Online 09.04.24<\/li>\n<\/ul>\n<\/details>","protected":false},"excerpt":{"rendered":"","protected":false},"author":2,"featured_media":0,"parent":0,"menu_order":0,"comment_status":"closed","ping_status":"closed","template":"","meta":{"footnotes":""},"class_list":["post-1727","page","type-page","status-publish","hentry"],"_links":{"self":[{"href":"https:\/\/oldwp.disrupt-now.org\/en\/wp-json\/wp\/v2\/pages\/1727","targetHints":{"allow":["GET"]}}],"collection":[{"href":"https:\/\/oldwp.disrupt-now.org\/en\/wp-json\/wp\/v2\/pages"}],"about":[{"href":"https:\/\/oldwp.disrupt-now.org\/en\/wp-json\/wp\/v2\/types\/page"}],"author":[{"embeddable":true,"href":"https:\/\/oldwp.disrupt-now.org\/en\/wp-json\/wp\/v2\/users\/2"}],"replies":[{"embeddable":true,"href":"https:\/\/oldwp.disrupt-now.org\/en\/wp-json\/wp\/v2\/comments?post=1727"}],"version-history":[{"count":18,"href":"https:\/\/oldwp.disrupt-now.org\/en\/wp-json\/wp\/v2\/pages\/1727\/revisions"}],"predecessor-version":[{"id":1857,"href":"https:\/\/oldwp.disrupt-now.org\/en\/wp-json\/wp\/v2\/pages\/1727\/revisions\/1857"}],"wp:attachment":[{"href":"https:\/\/oldwp.disrupt-now.org\/en\/wp-json\/wp\/v2\/media?parent=1727"}],"curies":[{"name":"wp","href":"https:\/\/api.w.org\/{rel}","templated":true}]}}