{"id":1902,"date":"2024-11-04T14:15:42","date_gmt":"2024-11-04T13:15:42","guid":{"rendered":"https:\/\/oldwp.disrupt-now.org\/?page_id=1902"},"modified":"2024-11-04T14:15:42","modified_gmt":"2024-11-04T13:15:42","slug":"auch-ihr-koennt-eine-disrupt-aktion-machen","status":"publish","type":"page","link":"https:\/\/oldwp.disrupt-now.org\/en\/auch-ihr-koennt-eine-disrupt-aktion-machen\/","title":{"rendered":"Auch ihr k\u00f6nnt eine Disrupt-Aktion machen"},"content":{"rendered":"<p><br>Disrupt ist eine Vernetzung von verschiedenen Gruppen, die diese Homepage und Social-Media-Kan\u00e4le betreuen und kontinuierlich zu verschiedenen Themenfeldern arbeiten und zu Aktionen mobilisieren, die hier angek\u00fcndigt werden. Die verschiedenen Gruppen k\u00e4mpfen gegen jede Form von Herrschaften f\u00fcr ein gutes Leben f\u00fcr alle. Disrupt ist aber nicht nur eine Vernetzung, sondern auch eine Idee, ein Label.<\/p>\n\n\n\n<p><strong>Auch ihr k\u00f6nnt eine Aktion in diesem Sinn machen<\/strong> und braucht daf\u00fcr kein Einverst\u00e4ndnis der Disrupt-Vernetzung. Die Vielfalt der Mittel der Disrupt-Gruppen und aller, die sich dieser Idee bedienen, sollen sich gegenseitig erg\u00e4nzen. Immer wenn gesellschaftliche Ver\u00e4nderungen erk\u00e4mpft wurden, wie das Frauenwahlrecht, die Abschaffung der Sklaverei, die 40-Stunden-Woche, der Kohleausstieg oder queere Selbstbestimmung, gelang dies mit einer Mischung aus Demonstrationen, Petitionen, symbolischen und militanten Aktionen, gegenseitiger Hilfe, Streiks, Boykotten und viele anderen Mitteln.<\/p>\n\n\n\n<p>Aktionen m\u00fcsst ihr mit der Disrupt-Vernetzung nicht absprechen, wurden auch bislang nicht abgesprochen und sollen zum Schutz aller auch nicht vorab mitgeteilt werden. Keiner ist f\u00fcr die Aktion der anderen verantwortlich. Wenn ihr eine Aktion im Sinne der Idee von Disrupt macht, nehmt die Verantwortung ernst, die sich daraus ergibt. Seid offen f\u00fcr Feedback und ggf. auch f\u00fcr kritische Diskussionen im Anschluss an eure Aktionen. Alle gew\u00e4hren und genie\u00dfen einen gro\u00dfen Vertrauensvorschuss, deshalb sollte immer Raum f\u00fcr solidarische Kritik sein. Neben dem Selbstverst\u00e4ndnis gilt f\u00fcr alle Disrupt-Aktionen: Wir gef\u00e4hrden keine Menschen.<\/p>\n\n\n\n<p>Wenn ihr eine Aktion mit dem Label macht, dann wird dar\u00fcber durch die Disrupt-Social-Media-Kan\u00e4le berichtet, wenn ihr dies w\u00fcnscht. Nehmt dazu gerne <a href=\"https:\/\/oldwp.disrupt-now.org\/en\/contact\/\" data-type=\"page\" data-id=\"11\">Kontakt zu uns<\/a> auf. Gerne k\u00f6nnt ihr euch aber auch verbindlicher bei Disrupt engagieren, auch dazu k\u00f6nnt ihr Kontakt zu uns aufnehmen.<\/p>","protected":false},"excerpt":{"rendered":"<p>Disrupt ist eine Vernetzung von verschiedenen Gruppen, die diese Homepage und Social-Media-Kan\u00e4le betreuen und kontinuierlich zu verschiedenen Themenfeldern arbeiten und zu Aktionen mobilisieren, die hier angek\u00fcndigt werden. Die verschiedenen Gruppen k\u00e4mpfen gegen jede Form von Herrschaften f\u00fcr ein gutes Leben f\u00fcr alle. Disrupt ist aber nicht nur eine Vernetzung, sondern auch eine Idee, ein Label. [&hellip;]<\/p>","protected":false},"author":2,"featured_media":0,"parent":0,"menu_order":0,"comment_status":"closed","ping_status":"closed","template":"","meta":{"footnotes":""},"class_list":["post-1902","page","type-page","status-publish","hentry"],"_links":{"self":[{"href":"https:\/\/oldwp.disrupt-now.org\/en\/wp-json\/wp\/v2\/pages\/1902","targetHints":{"allow":["GET"]}}],"collection":[{"href":"https:\/\/oldwp.disrupt-now.org\/en\/wp-json\/wp\/v2\/pages"}],"about":[{"href":"https:\/\/oldwp.disrupt-now.org\/en\/wp-json\/wp\/v2\/types\/page"}],"author":[{"embeddable":true,"href":"https:\/\/oldwp.disrupt-now.org\/en\/wp-json\/wp\/v2\/users\/2"}],"replies":[{"embeddable":true,"href":"https:\/\/oldwp.disrupt-now.org\/en\/wp-json\/wp\/v2\/comments?post=1902"}],"version-history":[{"count":1,"href":"https:\/\/oldwp.disrupt-now.org\/en\/wp-json\/wp\/v2\/pages\/1902\/revisions"}],"predecessor-version":[{"id":1903,"href":"https:\/\/oldwp.disrupt-now.org\/en\/wp-json\/wp\/v2\/pages\/1902\/revisions\/1903"}],"wp:attachment":[{"href":"https:\/\/oldwp.disrupt-now.org\/en\/wp-json\/wp\/v2\/media?parent=1902"}],"curies":[{"name":"wp","href":"https:\/\/api.w.org\/{rel}","templated":true}]}}