{"id":553,"date":"2024-01-18T11:20:50","date_gmt":"2024-01-18T10:20:50","guid":{"rendered":"https:\/\/oldwp.disrupt-now.org\/?page_id=553"},"modified":"2024-06-11T00:05:44","modified_gmt":"2024-06-10T22:05:44","slug":"laut-werden","status":"publish","type":"page","link":"https:\/\/oldwp.disrupt-now.org\/en\/laut-werden\/","title":{"rendered":"Take part"},"content":{"rendered":"<p>You are as keen as we are to fight for a fundamental change in the system? Do you share our basic anti-capitalist attitude and our self-confidence?&nbsp;<\/p>\n\n\n\n<p>Then become as part of DISRUPT!<\/p>\n\n\n\n<p>DISRUPT is an association of groups. As an individual, you can organize yourself with groups that are already part of DISRUPT or in other anti-capitalist groups and become part of DISRUPT with them.<\/p>\n\n\n\n<p>We look forward to new groups joining DISRUPT and contributing their perspectives and priorities.<\/p>\n\n\n\n<p>If you would like to become part of DISRUPT as a group, please get in touch!<\/p>\n\n\n\n<div class=\"wp-block-buttons is-layout-flex wp-block-buttons-is-layout-flex\">\n<div class=\"wp-block-button\"><a class=\"wp-block-button__link wp-element-button\" href=\"https:\/\/oldwp.disrupt-now.org\/en\/contact\/\">Get in touch<\/a><\/div>\n<\/div>\n\n\n\n<hr class=\"wp-block-separator has-alpha-channel-opacity\"\/>\n\n\n\n<div style=\"height:39px\" aria-hidden=\"true\" class=\"wp-block-spacer\"><\/div>\n\n\n\n<p>You are organizing around freedom of movement? We do too. If you want to find out more or enhance your networks, feel free to contact DISRUPT's freedom of movement working group:<\/p>\n\n\n\n<div class=\"wp-block-buttons is-layout-flex wp-block-buttons-is-layout-flex\">\n<div class=\"wp-block-button\"><a class=\"wp-block-button__link wp-element-button\" href=\"mailto:freedom-of-movement@oldwp.disrupt-now.org\">freedom-of-movement@oldwp.disrupt-now.org<\/a><\/div>\n<\/div>","protected":false},"excerpt":{"rendered":"<p>Ihr wollt genauso wie wir f\u00fcr einen grundlegenden Systemwandel k\u00e4mpfen? Ihr teilt unsre antikapitalistische Grundhaltung und unser Selbstvers\u00e4ndnis?&nbsp; Dann werdet Teil von DISRUPT! DISRUPT ist ein Zusammenschluss von Gruppen. Als Einzelperson kannst du dich bei Gruppen organisieren, die schon Teil von DISRUPT sind oder in anderen antikapitalistischen Gruppen und mit diesen Teil von DISRUPT werden. [&hellip;]<\/p>","protected":false},"author":1,"featured_media":0,"parent":0,"menu_order":0,"comment_status":"closed","ping_status":"closed","template":"","meta":{"footnotes":""},"class_list":["post-553","page","type-page","status-publish","hentry"],"_links":{"self":[{"href":"https:\/\/oldwp.disrupt-now.org\/en\/wp-json\/wp\/v2\/pages\/553","targetHints":{"allow":["GET"]}}],"collection":[{"href":"https:\/\/oldwp.disrupt-now.org\/en\/wp-json\/wp\/v2\/pages"}],"about":[{"href":"https:\/\/oldwp.disrupt-now.org\/en\/wp-json\/wp\/v2\/types\/page"}],"author":[{"embeddable":true,"href":"https:\/\/oldwp.disrupt-now.org\/en\/wp-json\/wp\/v2\/users\/1"}],"replies":[{"embeddable":true,"href":"https:\/\/oldwp.disrupt-now.org\/en\/wp-json\/wp\/v2\/comments?post=553"}],"version-history":[{"count":17,"href":"https:\/\/oldwp.disrupt-now.org\/en\/wp-json\/wp\/v2\/pages\/553\/revisions"}],"predecessor-version":[{"id":1864,"href":"https:\/\/oldwp.disrupt-now.org\/en\/wp-json\/wp\/v2\/pages\/553\/revisions\/1864"}],"wp:attachment":[{"href":"https:\/\/oldwp.disrupt-now.org\/en\/wp-json\/wp\/v2\/media?parent=553"}],"curies":[{"name":"wp","href":"https:\/\/api.w.org\/{rel}","templated":true}]}}